{"id":67,"date":"2024-12-27T11:30:28","date_gmt":"2024-12-27T11:30:28","guid":{"rendered":"https:\/\/stukk.at\/?page_id=67"},"modified":"2024-12-28T19:13:00","modified_gmt":"2024-12-28T19:13:00","slug":"home","status":"publish","type":"page","link":"https:\/\/stukk.at\/","title":{"rendered":"Home"},"content":{"rendered":"<p>[et_pb_section fb_built=&#8220;1&#8243; next_background_color=&#8220;#ffffff&#8220; admin_label=&#8220;Header&#8220; _builder_version=&#8220;4.27.4&#8243; use_background_color_gradient=&#8220;on&#8220; background_color_gradient_stops=&#8220;rgba(0,0,0,0.5) 0%|rgba(0,0,0,0.5) 100%&#8220; background_color_gradient_overlays_image=&#8220;on&#8220; background_color_gradient_start=&#8220;rgba(0,0,0,0.5)&#8220; background_color_gradient_end=&#8220;rgba(0,0,0,0.5)&#8220; background_image=&#8220;https:\/\/stukk.at\/wp-content\/uploads\/2024\/12\/10.png&#8220; custom_padding=&#8220;8vw||||false|false&#8220; bottom_divider_style=&#8220;slant&#8220; bottom_divider_height=&#8220;57px&#8220; hover_enabled=&#8220;0&#8243; global_colors_info=&#8220;{}&#8220; disabled_on=&#8220;on|off|off&#8220; sticky_enabled=&#8220;0&#8243;][et_pb_row column_structure=&#8220;1_2,1_2&#8243; _builder_version=&#8220;4.16&#8243; global_colors_info=&#8220;{}&#8220;][et_pb_column type=&#8220;1_2&#8243; _builder_version=&#8220;4.16&#8243; global_colors_info=&#8220;{}&#8220;][et_pb_text _builder_version=&#8220;4.16&#8243; header_font=&#8220;Kanit|500|||||||&#8220; header_font_size=&#8220;4vw&#8220; header_line_height=&#8220;1.1em&#8220; background_layout=&#8220;dark&#8220; max_width=&#8220;795px&#8220; module_alignment=&#8220;center&#8220; header_font_size_tablet=&#8220;42px&#8220; header_font_size_phone=&#8220;36px&#8220; header_font_size_last_edited=&#8220;on|desktop&#8220; locked=&#8220;off&#8220; global_colors_info=&#8220;{}&#8220;][\/et_pb_text][\/et_pb_column][et_pb_column type=&#8220;1_2&#8243; _builder_version=&#8220;4.16&#8243; global_colors_info=&#8220;{}&#8220;][et_pb_button button_url=&#8220;@ET-DC@eyJkeW5hbWljIjp0cnVlLCJjb250ZW50IjoicG9zdF9saW5rX3VybF9wYWdlIiwic2V0dGluZ3MiOnsicG9zdF9pZCI6Ijc2In19@&#8220; button_text=&#8220;Jetzt Kontakt aufnehmen&#8220; button_alignment=&#8220;left&#8220; _builder_version=&#8220;4.27.4&#8243; _dynamic_attributes=&#8220;button_url&#8220; custom_button=&#8220;on&#8220; button_text_size=&#8220;14px&#8220; button_text_color=&#8220;#000000&#8243; button_bg_color=&#8220;#ffd000&#8243; button_border_width=&#8220;0px&#8220; button_border_radius=&#8220;0px&#8220; button_letter_spacing=&#8220;1px&#8220; button_font=&#8220;|700||on|||||&#8220; button_icon=&#8220;&#x24;||divi||400&#8243; custom_margin=&#8220;40px||||false|false&#8220; custom_padding=&#8220;15px|40px|15px|40px|true|true&#8220; locked=&#8220;off&#8220; global_colors_info=&#8220;{}&#8220;][\/et_pb_button][\/et_pb_column][\/et_pb_row][et_pb_row _builder_version=&#8220;4.16&#8243; custom_margin=&#8220;5vw||||false|false&#8220; global_colors_info=&#8220;{}&#8220;][et_pb_column type=&#8220;4_4&#8243; _builder_version=&#8220;4.16&#8243; global_colors_info=&#8220;{}&#8220;][et_pb_image src=&#8220;https:\/\/stukk.at\/wp-content\/uploads\/2024\/12\/renovation-40.png&#8220; title_text=&#8220;renovation-40&#8243; show_bottom_space=&#8220;off&#8220; _builder_version=&#8220;4.16&#8243; custom_padding=&#8220;||||false|false&#8220; scroll_horizontal_motion_enable=&#8220;on&#8220; scroll_horizontal_motion=&#8220;0|50|50|100|0|0|-3&#8243; global_colors_info=&#8220;{}&#8220;][\/et_pb_image][\/et_pb_column][\/et_pb_row][\/et_pb_section][et_pb_section fb_built=&#8220;1&#8243; admin_label=&#8220;Services&#8220; _builder_version=&#8220;4.16&#8243; global_colors_info=&#8220;{}&#8220;][et_pb_row _builder_version=&#8220;4.27.4&#8243; hover_enabled=&#8220;0&#8243; locked=&#8220;off&#8220; global_colors_info=&#8220;{}&#8220; disabled_on=&#8220;on|off|off&#8220; sticky_enabled=&#8220;0&#8243;][et_pb_column type=&#8220;4_4&#8243; _builder_version=&#8220;4.16&#8243; global_colors_info=&#8220;{}&#8220;][\/et_pb_column][\/et_pb_row][et_pb_row _builder_version=&#8220;4.27.4&#8243; hover_enabled=&#8220;0&#8243; locked=&#8220;off&#8220; global_colors_info=&#8220;{}&#8220; column_structure=&#8220;1_3,1_3,1_3&#8243; disabled_on=&#8220;on|on|on&#8220; disabled=&#8220;on&#8220; sticky_enabled=&#8220;0&#8243;][et_pb_column type=&#8220;1_3&#8243; _builder_version=&#8220;4.27.4&#8243; hover_enabled=&#8220;0&#8243; global_colors_info=&#8220;{}&#8220; sticky_enabled=&#8220;0&#8243;][et_pb_text _builder_version=&#8220;4.27.4&#8243; header_2_font=&#8220;Kanit|700|||||||&#8220; header_2_text_color=&#8220;#000000&#8243; header_2_font_size=&#8220;48px&#8220; header_2_line_height=&#8220;1.1em&#8220; text_orientation=&#8220;center&#8220; module_alignment=&#8220;center&#8220; hover_enabled=&#8220;0&#8243; header_2_font_size_tablet=&#8220;32px&#8220; header_2_font_size_phone=&#8220;22px&#8220; header_2_font_size_last_edited=&#8220;on|phone&#8220; global_colors_info=&#8220;{}&#8220; sticky_enabled=&#8220;0&#8243;]<\/p>\n<h2 id=\"h_14120963311735412985798\">Stuckateur und Trockenausbauer<\/h2>\n<h2>Fachlehrer LBS Wals<\/h2>\n<h2>Allgemein beeideter und gerichtlich zertifizierter Sachverst\u00e4ndiger<\/h2>\n<p>[\/et_pb_text][\/et_pb_column][et_pb_column type=&#8220;1_3&#8243; _builder_version=&#8220;4.16&#8243; global_colors_info=&#8220;{}&#8220;][\/et_pb_column][et_pb_column type=&#8220;1_3&#8243; _builder_version=&#8220;4.16&#8243; global_colors_info=&#8220;{}&#8220;][\/et_pb_column][\/et_pb_row][et_pb_row column_structure=&#8220;1_3,1_3,1_3&#8243; use_custom_gutter=&#8220;on&#8220; gutter_width=&#8220;2&#8243; _builder_version=&#8220;4.27.4&#8243; custom_margin=&#8220;30px|auto|30px|auto|true|false&#8220; global_module=&#8220;208&#8243; saved_tabs=&#8220;all&#8220; locked=&#8220;off&#8220; global_colors_info=&#8220;{}&#8220;][et_pb_column type=&#8220;1_3&#8243; _builder_version=&#8220;4.16&#8243; global_colors_info=&#8220;{}&#8220;][et_pb_blurb title=&#8220;Stuck: Eleganz und Tradition f\u00fcr Ihr zu Hause.&#8220; image=&#8220;https:\/\/stukk.at\/wp-content\/uploads\/2024\/12\/renovation-icon-10.png&#8220; icon_alignment=&#8220;left&#8220; content_max_width=&#8220;100%&#8220; _builder_version=&#8220;4.27.4&#8243; header_font=&#8220;Kanit|600|||||||&#8220; header_font_size=&#8220;20px&#8220; header_line_height=&#8220;1.3em&#8220; body_line_height=&#8220;1.8em&#8220; background_image=&#8220;https:\/\/stukk.at\/wp-content\/uploads\/2024\/12\/Oval.png&#8220; background_size=&#8220;initial&#8220; background_position=&#8220;top_left&#8220; custom_padding=&#8220;||19px|||&#8220; animation=&#8220;off&#8220; header_font_size_tablet=&#8220;18px&#8220; header_font_size_phone=&#8220;16px&#8220; header_font_size_last_edited=&#8220;on|phone&#8220; locked=&#8220;off&#8220; global_colors_info=&#8220;{}&#8220;]<\/p>\n<p>Verleihen Sie Ihren R\u00e4umen Charakter mit Stuck. Ob Deckenverzierungen, Wandleisten oder Ornamente \u2013 Stuck verleiht jedem Raum eine besondere Note. Jedes Element wird mit Liebe zum Detail und langj\u00e4hriger Erfahrung hergestellt.<\/p>\n<p>[\/et_pb_blurb][\/et_pb_column][et_pb_column type=&#8220;1_3&#8243; _builder_version=&#8220;4.16&#8243; global_colors_info=&#8220;{}&#8220;][et_pb_blurb title=&#8220;Trockenbau: Vielseitig, schnell und sauber.&#8220; image=&#8220;https:\/\/stukk.at\/wp-content\/uploads\/2024\/12\/renovation-icon-3.png&#8220; icon_alignment=&#8220;left&#8220; content_max_width=&#8220;100%&#8220; _builder_version=&#8220;4.27.4&#8243; header_font=&#8220;Kanit|600|||||||&#8220; header_font_size=&#8220;20px&#8220; header_line_height=&#8220;1.3em&#8220; body_line_height=&#8220;1.8em&#8220; background_image=&#8220;https:\/\/stukk.at\/wp-content\/uploads\/2024\/12\/Oval.png&#8220; background_size=&#8220;initial&#8220; background_position=&#8220;top_left&#8220; custom_padding=&#8220;||19px|||&#8220; animation=&#8220;off&#8220; header_font_size_tablet=&#8220;18px&#8220; header_font_size_phone=&#8220;16px&#8220; header_font_size_last_edited=&#8220;on|phone&#8220; locked=&#8220;off&#8220; global_colors_info=&#8220;{}&#8220;]<\/p>\n<p>Entdecken Sie die Vorteile des Trockenbaus: flexible Raumaufteilung, kurze Bauzeiten und eine staubarme Verarbeitung. Die verwendeten hochwertigen, recycelbaren Materialien schonen die Umwelt und sorgen f\u00fcr Ihr Wohlbefinden.<\/p>\n<p>[\/et_pb_blurb][\/et_pb_column][et_pb_column type=&#8220;1_3&#8243; _builder_version=&#8220;4.16&#8243; global_colors_info=&#8220;{}&#8220;][et_pb_blurb title=&#8220;Sachverst\u00e4ndigent\u00e4tigkeit: von der Baubegleitung bis zur Schadensregulierung.&#8220; image=&#8220;https:\/\/stukk.at\/wp-content\/uploads\/2024\/12\/renovation-icon-5.png&#8220; icon_alignment=&#8220;left&#8220; content_max_width=&#8220;100%&#8220; _builder_version=&#8220;4.27.4&#8243; header_font=&#8220;Kanit|600|||||||&#8220; header_font_size=&#8220;20px&#8220; header_line_height=&#8220;1.3em&#8220; body_line_height=&#8220;1.8em&#8220; background_image=&#8220;https:\/\/stukk.at\/wp-content\/uploads\/2024\/12\/Oval.png&#8220; background_size=&#8220;initial&#8220; background_position=&#8220;top_left&#8220; animation=&#8220;off&#8220; header_font_size_tablet=&#8220;18px&#8220; header_font_size_phone=&#8220;16px&#8220; header_font_size_last_edited=&#8220;on|phone&#8220; locked=&#8220;off&#8220; global_colors_info=&#8220;{}&#8220;]<\/p>\n<p>konrad. bietet Ihnen umfassende Leistungen rund um den Trockenbau. Ich pr\u00fcfe Ihre Bauma\u00dfnahmen, erstelle Gutachten und unterst\u00fctze Sie bei der Konfliktl\u00f6sung.<\/p>\n<p>[\/et_pb_blurb][\/et_pb_column][\/et_pb_row][\/et_pb_section][et_pb_section fb_built=&#8220;1&#8243; admin_label=&#8220;Statistics&#8220; _builder_version=&#8220;4.16&#8243; locked=&#8220;off&#8220; global_colors_info=&#8220;{}&#8220;][et_pb_row column_structure=&#8220;1_2,1_2&#8243; use_custom_gutter=&#8220;on&#8220; gutter_width=&#8220;1&#8243; make_equal=&#8220;on&#8220; _builder_version=&#8220;4.27.4&#8243; custom_padding=&#8220;||0px||false|false&#8220; hover_enabled=&#8220;0&#8243; global_colors_info=&#8220;{}&#8220; disabled_on=&#8220;on|off|off&#8220; sticky_enabled=&#8220;0&#8243;][et_pb_column type=&#8220;1_2&#8243; _builder_version=&#8220;4.16&#8243; global_colors_info=&#8220;{}&#8220;][et_pb_image src=&#8220;https:\/\/stukk.at\/wp-content\/uploads\/2024\/12\/21.png&#8220; title_text=&#8220;21&#8243; _builder_version=&#8220;4.27.4&#8243; _module_preset=&#8220;default&#8220; global_colors_info=&#8220;{}&#8220;][\/et_pb_image][\/et_pb_column][et_pb_column type=&#8220;1_2&#8243; _builder_version=&#8220;4.16&#8243; global_colors_info=&#8220;{}&#8220;][et_pb_image src=&#8220;https:\/\/stukk.at\/wp-content\/uploads\/2024\/12\/2.jpg&#8220; title_text=&#8220;2&#8243; _builder_version=&#8220;4.27.4&#8243; _module_preset=&#8220;default&#8220; global_colors_info=&#8220;{}&#8220;][\/et_pb_image][\/et_pb_column][\/et_pb_row][et_pb_row column_structure=&#8220;1_3,1_3,1_3&#8243; custom_padding_last_edited=&#8220;on|phone&#8220; _builder_version=&#8220;4.16&#8243; background_color=&#8220;#ffd000&#8243; z_index=&#8220;10&#8243; custom_margin_tablet=&#8220;-255px||||false|false&#8220; custom_margin_last_edited=&#8220;off|desktop&#8220; custom_padding=&#8220;60px|20px|60px|20px|true|true&#8220; custom_padding_tablet=&#8220;|20px||20px|true|false&#8220; custom_padding_phone=&#8220;&#8220; locked=&#8220;off&#8220; global_colors_info=&#8220;{}&#8220;][et_pb_column type=&#8220;1_3&#8243; _builder_version=&#8220;4.16&#8243; global_colors_info=&#8220;{}&#8220;][et_pb_number_counter title=&#8220;Jahre Erfahrung&#8220; number=&#8220;25&#8243; percent_sign=&#8220;off&#8220; _builder_version=&#8220;4.27.4&#8243; title_font=&#8220;Kanit|500|||||||&#8220; title_text_color=&#8220;#000000&#8243; title_font_size=&#8220;22px&#8220; title_line_height=&#8220;1.5em&#8220; number_font=&#8220;Kanit|700|||||||&#8220; number_text_color=&#8220;#000000&#8243; number_line_height=&#8220;82px&#8220; title_font_size_tablet=&#8220;20px&#8220; title_font_size_phone=&#8220;18px&#8220; title_font_size_last_edited=&#8220;on|phone&#8220; number_font_size_tablet=&#8220;60px&#8220; number_font_size_phone=&#8220;48px&#8220; number_font_size_last_edited=&#8220;on|phone&#8220; global_colors_info=&#8220;{}&#8220;][\/et_pb_number_counter][\/et_pb_column][et_pb_column type=&#8220;1_3&#8243; _builder_version=&#8220;4.16&#8243; global_colors_info=&#8220;{}&#8220;][et_pb_number_counter title=&#8220;zufriedene Kund:innen&#8220; number=&#8220;152&#8243; percent_sign=&#8220;off&#8220; _builder_version=&#8220;4.27.4&#8243; title_font=&#8220;Kanit|500|||||||&#8220; title_text_color=&#8220;#000000&#8243; title_font_size=&#8220;22px&#8220; title_line_height=&#8220;1.5em&#8220; number_font=&#8220;Kanit|700|||||||&#8220; number_text_color=&#8220;#000000&#8243; number_line_height=&#8220;82px&#8220; title_font_size_tablet=&#8220;20px&#8220; title_font_size_phone=&#8220;18px&#8220; title_font_size_last_edited=&#8220;on|phone&#8220; number_font_size_tablet=&#8220;60px&#8220; number_font_size_phone=&#8220;48px&#8220; number_font_size_last_edited=&#8220;on|phone&#8220; locked=&#8220;off&#8220; global_colors_info=&#8220;{}&#8220;][\/et_pb_number_counter][\/et_pb_column][et_pb_column type=&#8220;1_3&#8243; _builder_version=&#8220;4.16&#8243; global_colors_info=&#8220;{}&#8220;][et_pb_number_counter title=&#8220;Gewerke unter einem Dach&#8220; number=&#8220;3&#8243; percent_sign=&#8220;off&#8220; _builder_version=&#8220;4.27.4&#8243; title_font=&#8220;Kanit|500|||||||&#8220; title_text_color=&#8220;#000000&#8243; title_font_size=&#8220;22px&#8220; title_line_height=&#8220;1.5em&#8220; number_font=&#8220;Kanit|700|||||||&#8220; number_text_color=&#8220;#000000&#8243; number_line_height=&#8220;82px&#8220; title_font_size_tablet=&#8220;20px&#8220; title_font_size_phone=&#8220;18px&#8220; title_font_size_last_edited=&#8220;on|phone&#8220; number_font_size_tablet=&#8220;60px&#8220; number_font_size_phone=&#8220;48px&#8220; number_font_size_last_edited=&#8220;on|phone&#8220; locked=&#8220;off&#8220; global_colors_info=&#8220;{}&#8220;][\/et_pb_number_counter][\/et_pb_column][\/et_pb_row][\/et_pb_section][et_pb_section fb_built=&#8220;1&#8243; admin_label=&#8220;Testimonials&#8220; _builder_version=&#8220;4.16&#8243; locked=&#8220;off&#8220; global_colors_info=&#8220;{}&#8220;][et_pb_row _builder_version=&#8220;4.16&#8243; global_colors_info=&#8220;{}&#8220;][et_pb_column type=&#8220;4_4&#8243; _builder_version=&#8220;4.16&#8243; global_colors_info=&#8220;{}&#8220;][et_pb_slider use_bg_overlay=&#8220;off&#8220; dot_nav_custom_color=&#8220;#000000&#8243; _builder_version=&#8220;4.27.4&#8243; header_font=&#8220;Kanit|700|||||||&#8220; header_text_color=&#8220;#2a2a2a&#8220; header_font_size=&#8220;48px&#8220; header_line_height=&#8220;1.3em&#8220; background_color=&#8220;rgba(0,0,0,0)&#8220; custom_padding=&#8220;0px|0px|60px|0px|false|true&#8220; header_font_size_tablet=&#8220;26px&#8220; header_font_size_phone=&#8220;18px&#8220; header_font_size_last_edited=&#8220;on|phone&#8220; header_text_shadow_style=&#8220;preset4&#8243; header_text_shadow_vertical_length=&#8220;0em&#8220; header_text_shadow_color=&#8220;rgba(0,0,0,0)&#8220; global_colors_info=&#8220;{}&#8220;][et_pb_slide heading=&#8220;\u201cIhr Zuhause, Ihre Geschichte, unser Handwerk.%22&#8243; arrows_custom_color=&#8220;#000000&#8243; _builder_version=&#8220;4.27.4&#8243; global_colors_info=&#8220;{}&#8220; sticky_transition=&#8220;on&#8220;][\/et_pb_slide][et_pb_slide heading=&#8220;\u201cQualit\u00e4t, die man sieht und f\u00fchlt.%22&#8243; arrows_custom_color=&#8220;#000000&#8243; _builder_version=&#8220;4.16&#8243; global_colors_info=&#8220;{}&#8220; sticky_transition=&#8220;on&#8220;][\/et_pb_slide][et_pb_slide heading=&#8220;%22Qualit\u00e4t ist keine Meinung, sondern das Ergebnis guter Arbeit.%22&#8243; arrows_custom_color=&#8220;#000000&#8243; _builder_version=&#8220;4.16&#8243; global_colors_info=&#8220;{}&#8220; sticky_transition=&#8220;on&#8220;][\/et_pb_slide][\/et_pb_slider][\/et_pb_column][\/et_pb_row][\/et_pb_section][et_pb_section fb_built=&#8220;1&#8243; specialty=&#8220;on&#8220; padding_top_1=&#8220;0px&#8220; padding_top_2=&#8220;8%&#8220; padding_top_bottom_link_1=&#8220;false&#8220; padding_top_bottom_link_2=&#8220;false&#8220; padding_left_right_link_1=&#8220;false&#8220; padding_left_right_link_2=&#8220;false&#8220; admin_label=&#8220;Footer&#8220; _builder_version=&#8220;4.16&#8243; background_color=&#8220;#000000&#8243; background_enable_image=&#8220;off&#8220; custom_padding=&#8220;0px|||||&#8220; locked=&#8220;off&#8220; global_colors_info=&#8220;{}&#8220;][et_pb_column type=&#8220;1_2&#8243; _builder_version=&#8220;4.16&#8243; custom_padding=&#8220;|||&#8220; global_colors_info=&#8220;{}&#8220; custom_padding__hover=&#8220;|||&#8220;][et_pb_image src=&#8220;https:\/\/stukk.at\/wp-content\/uploads\/2024\/12\/3-2.png&#8220; title_text=&#8220;3&#8243; _builder_version=&#8220;4.27.4&#8243; custom_margin=&#8220;|||-10vw|false|false&#8220; custom_margin_tablet=&#8220;0px||||false|false&#8220; custom_margin_last_edited=&#8220;off|desktop&#8220; global_colors_info=&#8220;{}&#8220;][\/et_pb_image][\/et_pb_column][et_pb_column type=&#8220;1_2&#8243; specialty_columns=&#8220;2&#8243; _builder_version=&#8220;4.16&#8243; custom_padding=&#8220;|||&#8220; global_colors_info=&#8220;{}&#8220; custom_padding__hover=&#8220;|||&#8220;][et_pb_row_inner _builder_version=&#8220;4.16&#8243; custom_margin=&#8220;||||false|false&#8220; global_colors_info=&#8220;{}&#8220;][et_pb_column_inner saved_specialty_column_type=&#8220;1_2&#8243; _builder_version=&#8220;4.16&#8243; global_colors_info=&#8220;{}&#8220;][et_pb_text _builder_version=&#8220;4.16&#8243; header_2_font=&#8220;Kanit|700|||||||&#8220; header_2_font_size=&#8220;48px&#8220; header_2_line_height=&#8220;1.3em&#8220; background_layout=&#8220;dark&#8220; header_2_font_size_tablet=&#8220;36px&#8220; header_2_font_size_phone=&#8220;24px&#8220; header_2_font_size_last_edited=&#8220;on|phone&#8220; locked=&#8220;off&#8220; global_colors_info=&#8220;{}&#8220;]<\/p>\n<h2>Kontakt<\/h2>\n<p>[\/et_pb_text][\/et_pb_column_inner][\/et_pb_row_inner][et_pb_row_inner column_structure=&#8220;1_2,1_2&#8243; _builder_version=&#8220;4.16&#8243; global_colors_info=&#8220;{}&#8220;][et_pb_column_inner type=&#8220;1_2&#8243; saved_specialty_column_type=&#8220;1_2&#8243; _builder_version=&#8220;4.16&#8243; global_colors_info=&#8220;{}&#8220;][et_pb_blurb title=&#8220;Telefon&#8220; use_icon=&#8220;on&#8220; font_icon=&#8220;&#xe090;||divi||400&#8243; icon_color=&#8220;#ffd000&#8243; icon_placement=&#8220;left&#8220; image_icon_width=&#8220;24px&#8220; _builder_version=&#8220;4.27.4&#8243; header_font=&#8220;Kanit|700|||||||&#8220; header_font_size=&#8220;20px&#8220; header_line_height=&#8220;1.3em&#8220; body_line_height=&#8220;1.8em&#8220; background_layout=&#8220;dark&#8220; animation=&#8220;off&#8220; hover_enabled=&#8220;0&#8243; header_font_size_tablet=&#8220;18px&#8220; header_font_size_phone=&#8220;&#8220; header_font_size_last_edited=&#8220;on|tablet&#8220; icon_font_size=&#8220;24px&#8220; global_colors_info=&#8220;{}&#8220; content_last_edited=&#8220;on|desktop&#8220; sticky_enabled=&#8220;0&#8243; content_phone=&#8220;<\/p>\n<p><strong>+43 664 542 92 84<\/strong><\/p>\n<p>&#8220; content_tablet=&#8220;<\/p>\n<p>+43 664 542 92 84<\/p>\n<p>&#8222;]<\/p>\n<p>+43 664 542 92 84<\/p>\n<p>[\/et_pb_blurb][et_pb_blurb title=&#8220;E-Mail&#8220; use_icon=&#8220;on&#8220; font_icon=&#8220;&#xe076;||divi||400&#8243; icon_color=&#8220;#ffd000&#8243; icon_placement=&#8220;left&#8220; image_icon_width=&#8220;24px&#8220; _builder_version=&#8220;4.27.4&#8243; header_font=&#8220;Kanit|700|||||||&#8220; header_font_size=&#8220;20px&#8220; header_line_height=&#8220;1.3em&#8220; body_line_height=&#8220;1.8em&#8220; body_link_text_color=&#8220;#ffffff&#8220; background_layout=&#8220;dark&#8220; animation=&#8220;off&#8220; hover_enabled=&#8220;0&#8243; header_font_size_tablet=&#8220;18px&#8220; header_font_size_phone=&#8220;&#8220; header_font_size_last_edited=&#8220;on|tablet&#8220; icon_font_size=&#8220;24px&#8220; locked=&#8220;off&#8220; global_colors_info=&#8220;{}&#8220; sticky_enabled=&#8220;0&#8243;]<\/p>\n<p><a href=\"#\"><strong>office@stukk.at<\/strong><\/a><\/p>\n<p>[\/et_pb_blurb][\/et_pb_column_inner][et_pb_column_inner type=&#8220;1_2&#8243; saved_specialty_column_type=&#8220;1_2&#8243; _builder_version=&#8220;4.16&#8243; global_colors_info=&#8220;{}&#8220;][et_pb_blurb title=&#8220;Adresse&#8220; use_icon=&#8220;on&#8220; font_icon=&#8220;&#xe081;||divi||400&#8243; icon_color=&#8220;#ffd000&#8243; icon_placement=&#8220;left&#8220; image_icon_width=&#8220;24px&#8220; _builder_version=&#8220;4.27.4&#8243; header_font=&#8220;Kanit|700|||||||&#8220; header_font_size=&#8220;20px&#8220; header_line_height=&#8220;1.3em&#8220; body_line_height=&#8220;1.8em&#8220; background_layout=&#8220;dark&#8220; animation=&#8220;off&#8220; hover_enabled=&#8220;0&#8243; header_font_size_tablet=&#8220;18px&#8220; header_font_size_phone=&#8220;&#8220; header_font_size_last_edited=&#8220;on|tablet&#8220; icon_font_size=&#8220;24px&#8220; locked=&#8220;off&#8220; global_colors_info=&#8220;{}&#8220; sticky_enabled=&#8220;0&#8243;]<\/p>\n<p><strong>Ritterweg 198<\/strong><br \/><strong>5084 Gro\u00dfgmain<\/strong><\/p>\n<p>[\/et_pb_blurb][\/et_pb_column_inner][\/et_pb_row_inner][et_pb_row_inner _builder_version=&#8220;4.16&#8243; global_colors_info=&#8220;{}&#8220;][et_pb_column_inner saved_specialty_column_type=&#8220;1_2&#8243; _builder_version=&#8220;4.16&#8243; global_colors_info=&#8220;{}&#8220;][\/et_pb_column_inner][\/et_pb_row_inner][\/et_pb_column][\/et_pb_section]<\/p>\n","protected":false},"excerpt":{"rendered":"<p>Stuckateur und Trockenausbauer Fachlehrer LBS Wals Allgemein beeideter und gerichtlich zertifizierter Sachverst\u00e4ndigerVerleihen Sie Ihren R\u00e4umen Charakter mit Stuck. Ob Deckenverzierungen, Wandleisten oder Ornamente \u2013 Stuck verleiht jedem Raum eine besondere Note. Jedes Element wird mit Liebe zum Detail und langj\u00e4hriger Erfahrung hergestellt.Entdecken Sie die Vorteile des Trockenbaus: flexible Raumaufteilung, kurze Bauzeiten und eine staubarme Verarbeitung. [&hellip;]<\/p>\n","protected":false},"author":1,"featured_media":0,"parent":0,"menu_order":0,"comment_status":"closed","ping_status":"closed","template":"","meta":{"_et_pb_use_builder":"on","_et_pb_old_content":"","_et_gb_content_width":"","footnotes":""},"class_list":["post-67","page","type-page","status-publish","hentry"],"_links":{"self":[{"href":"https:\/\/stukk.at\/index.php\/wp-json\/wp\/v2\/pages\/67","targetHints":{"allow":["GET"]}}],"collection":[{"href":"https:\/\/stukk.at\/index.php\/wp-json\/wp\/v2\/pages"}],"about":[{"href":"https:\/\/stukk.at\/index.php\/wp-json\/wp\/v2\/types\/page"}],"author":[{"embeddable":true,"href":"https:\/\/stukk.at\/index.php\/wp-json\/wp\/v2\/users\/1"}],"replies":[{"embeddable":true,"href":"https:\/\/stukk.at\/index.php\/wp-json\/wp\/v2\/comments?post=67"}],"version-history":[{"count":49,"href":"https:\/\/stukk.at\/index.php\/wp-json\/wp\/v2\/pages\/67\/revisions"}],"predecessor-version":[{"id":413,"href":"https:\/\/stukk.at\/index.php\/wp-json\/wp\/v2\/pages\/67\/revisions\/413"}],"wp:attachment":[{"href":"https:\/\/stukk.at\/index.php\/wp-json\/wp\/v2\/media?parent=67"}],"curies":[{"name":"wp","href":"https:\/\/api.w.org\/{rel}","templated":true}]}}