{"id":100,"date":"2024-12-27T14:39:58","date_gmt":"2024-12-27T14:39:58","guid":{"rendered":"https:\/\/stukk.at\/?page_id=100"},"modified":"2024-12-28T20:28:55","modified_gmt":"2024-12-28T20:28:55","slug":"ueber-mich","status":"publish","type":"page","link":"https:\/\/stukk.at\/index.php\/ueber-mich\/","title":{"rendered":"\u00dcber mich"},"content":{"rendered":"<p>[et_pb_section fb_built=&#8220;1&#8243; custom_padding_last_edited=&#8220;on|phone&#8220; admin_label=&#8220;Header&#8220; _builder_version=&#8220;4.27.4&#8243; use_background_color_gradient=&#8220;on&#8220; background_color_gradient_stops=&#8220;rgba(0,0,0,0.5) 0%|rgba(0,0,0,0.5) 100%&#8220; background_color_gradient_overlays_image=&#8220;on&#8220; background_color_gradient_start=&#8220;rgba(0,0,0,0.5)&#8220; background_color_gradient_end=&#8220;rgba(0,0,0,0.5)&#8220; background_image=&#8220;https:\/\/stukk.at\/wp-content\/uploads\/2024\/12\/16.png&#8220; custom_padding=&#8220;||220px||false|false&#8220; custom_padding_tablet=&#8220;||220px||false|false&#8220; custom_padding_phone=&#8220;||200px||false|false&#8220; hover_enabled=&#8220;0&#8243; global_colors_info=&#8220;{}&#8220; disabled_on=&#8220;off|off|off&#8220; sticky_enabled=&#8220;0&#8243;][\/et_pb_section][et_pb_section fb_built=&#8220;1&#8243; admin_label=&#8220;About&#8220; _builder_version=&#8220;4.16&#8243; custom_padding=&#8220;||||false|false&#8220; global_colors_info=&#8220;{}&#8220;][\/et_pb_section][et_pb_section fb_built=&#8220;1&#8243; admin_label=&#8220;Feature&#8220; _builder_version=&#8220;4.16&#8243; overflow-x=&#8220;hidden&#8220; overflow-y=&#8220;hidden&#8220; custom_padding=&#8220;0px|||||&#8220; top_divider_style=&#8220;slant&#8220; top_divider_color=&#8220;#ffffff&#8220; top_divider_height=&#8220;10vw&#8220; top_divider_flip=&#8220;horizontal&#8220; top_divider_arrangement=&#8220;above_content&#8220; global_colors_info=&#8220;{}&#8220;][et_pb_row column_structure=&#8220;2_3,1_3&#8243; custom_padding_last_edited=&#8220;on|tablet&#8220; _builder_version=&#8220;4.16&#8243; custom_padding_tablet=&#8220;0px|0vw|0px||false|false&#8220; custom_padding_phone=&#8220;&#8220; global_colors_info=&#8220;{}&#8220;][et_pb_column type=&#8220;2_3&#8243; _builder_version=&#8220;4.16&#8243; global_colors_info=&#8220;{}&#8220;][et_pb_image src=&#8220;https:\/\/stukk.at\/wp-content\/uploads\/2024\/12\/renovation-19.png&#8220; title_text=&#8220;renovation-19&#8243; admin_label=&#8220;Image&#8220; _builder_version=&#8220;4.16&#8243; positioning=&#8220;absolute&#8220; position_origin_a=&#8220;bottom_right&#8220; vertical_offset=&#8220;-40px&#8220; horizontal_offset=&#8220;-40px&#8220; custom_margin=&#8220;||0px||false|false&#8220; scroll_rotating_enable=&#8220;on&#8220; scroll_rotating=&#8220;0|50|50|100|45\u00b0|0|-45\u00b0&#8220; locked=&#8220;off&#8220; global_colors_info=&#8220;{}&#8220;][\/et_pb_image][et_pb_image src=&#8220;https:\/\/stukk.at\/wp-content\/uploads\/2024\/12\/Design-ohne-Titel-2.png&#8220; title_text=&#8220;Design ohne Titel-2&#8243; show_bottom_space=&#8220;off&#8220; admin_label=&#8220;Image&#8220; _builder_version=&#8220;4.27.4&#8243; custom_margin=&#8220;||0px|-20vw|false|false&#8220; global_colors_info=&#8220;{}&#8220;][\/et_pb_image][et_pb_image src=&#8220;https:\/\/stukk.at\/wp-content\/uploads\/2024\/12\/KOnrad-903-x-221-px.png&#8220; title_text=&#8220;KOnrad (903 x 221 px)&#8220; _builder_version=&#8220;4.27.4&#8243; positioning=&#8220;absolute&#8220; position_origin_a=&#8220;bottom_right&#8220; custom_margin=&#8220;||0px|-20vw|false|false&#8220; scroll_horizontal_motion_enable=&#8220;on&#8220; scroll_horizontal_motion=&#8220;0|0|0|100|0|0|-2&#8243; global_colors_info=&#8220;{}&#8220;][\/et_pb_image][\/et_pb_column][et_pb_column type=&#8220;1_3&#8243; _builder_version=&#8220;4.16&#8243; custom_padding=&#8220;16%||||false|false&#8220; custom_padding_tablet=&#8220;0%||||false|false&#8220; custom_padding_phone=&#8220;&#8220; custom_padding_last_edited=&#8220;on|phone&#8220; global_colors_info=&#8220;{}&#8220;][et_pb_text _builder_version=&#8220;4.16&#8243; text_line_height=&#8220;1.8em&#8220; header_2_font=&#8220;Kanit|700|||||||&#8220; header_2_text_color=&#8220;#000000&#8243; header_2_font_size=&#8220;48px&#8220; header_2_line_height=&#8220;1.1em&#8220; custom_margin=&#8220;|||-64%|false|false&#8220; custom_margin_tablet=&#8220;|||0px|false|false&#8220; custom_margin_phone=&#8220;&#8220; custom_margin_last_edited=&#8220;on|phone&#8220; header_2_font_size_tablet=&#8220;32px&#8220; header_2_font_size_phone=&#8220;22px&#8220; header_2_font_size_last_edited=&#8220;on|phone&#8220; global_colors_info=&#8220;{}&#8220;]<\/p>\n<h2>MSt Ulrich Konrad<\/h2>\n<p><span style=\"color: #000000;\">Stuckateur und Trockenausbauer<\/span><br \/><span style=\"color: #000000;\">Fachlehrer der LBS Wals und<\/span><br \/><span style=\"color: #000000;\">allgemein beeideter und gerichtlich zertifizierter Sachverst\u00e4ndiger<\/span><\/p>\n<p><span style=\"color: #000000;\"><br \/>Geboren 1976 in Salzburg | Abschluss Lehre <span class=\"OYPEnA font-feature-liga-off font-feature-clig-off font-feature-calt-off text-decoration-none text-strikethrough-none\" style=\"font-style: normal; font-variant-caps: normal; font-weight: 400; letter-spacing: normal; text-align: start; text-indent: 0px; text-transform: none; white-space: normal; word-spacing: 0px; -webkit-text-stroke-width: 0px; text-decoration: none; font-kerning: none;\">als Stuckateur und Trockenausbauer 1997 <br \/><\/span><\/span><\/p>\n<p><span style=\"color: #000000;\">Durch meine vielschichtige Arbeit konnte ich seither enorm viel Wissen und Erfahrung sammeln. 1999 Unternehmerpr\u00fcfung | <\/span><span style=\"color: #000000;\">2003 folgte die Meisterpr\u00fcfung |2014 Berufsreifepr\u00fcfung | Bachelor of Education 2017<\/span><\/p>\n<p><strong><span style=\"color: #000000;\">Zusatzausbildungen<\/span><\/strong><\/p>\n<ul>\n<li><span style=\"color: #000000;\">Zertifikat Rigips:\u00a0 Brandschutz, Schallschutz, Bausch\u00e4den, Schnittstellen im Trockenbau, \u00d6NORM 3415<\/span><\/li>\n<li><span style=\"color: #000000;\">Knauf: Rechtsseminar<\/span><\/li>\n<li><span style=\"color: #000000;\">Ardex: Oberfl\u00e4chengestaltungen, Qualit\u00e4tsstufen, Untergr\u00fcnde vorbereiten,<\/span><\/li>\n<li><span style=\"color: #000000;\">Knauf Junior Trophy<\/span><\/li>\n<\/ul>\n<p>[\/et_pb_text][et_pb_text _builder_version=&#8220;4.27.4&#8243; text_text_color=&#8220;#FFFFFF&#8220; header_3_font=&#8220;Kanit|600|||||||&#8220; header_3_font_size=&#8220;28px&#8220; header_3_line_height=&#8220;1.3em&#8220; header_3_font_size_tablet=&#8220;&#8220; header_3_font_size_phone=&#8220;20px&#8220; header_3_font_size_last_edited=&#8220;on|phone&#8220; locked=&#8220;off&#8220; global_colors_info=&#8220;{}&#8220; header_2_3_font_size_phone=&#8220;20px&#8220; header_3_3_font_size_phone=&#8220;20px&#8220; header_4_3_font_size_phone=&#8220;20px&#8220; header_5_3_font_size_phone=&#8220;20px&#8220; header_6_3_font_size_phone=&#8220;20px&#8220; header_2_3_font_size_last_edited=&#8220;on|phone&#8220; header_3_3_font_size_last_edited=&#8220;on|phone&#8220; header_4_3_font_size_last_edited=&#8220;on|phone&#8220; header_5_3_font_size_last_edited=&#8220;on|phone&#8220; header_6_3_font_size_last_edited=&#8220;on|phone&#8220;]<\/p>\n<h3><span style=\"color: #ffffff;\">flexible Raumaufteilung<\/span><\/h3>\n<p>[\/et_pb_text][\/et_pb_column][\/et_pb_row][\/et_pb_section][et_pb_section fb_built=&#8220;1&#8243; admin_label=&#8220;Stats&#8220; _builder_version=&#8220;4.27.4&#8243; use_background_color_gradient=&#8220;on&#8220; background_color_gradient_direction=&#8220;90deg&#8220; background_color_gradient_stops=&#8220;rgba(255,255,255,0.8) 0%|#ffffff 60%&#8220; background_color_gradient_overlays_image=&#8220;on&#8220; background_color_gradient_start=&#8220;rgba(255,255,255,0.8)&#8220; background_color_gradient_end=&#8220;#ffffff&#8220; background_color_gradient_end_position=&#8220;60%&#8220; background_image=&#8220;https:\/\/stukk.at\/wp-content\/uploads\/2024\/12\/Logo-Uli-Website-350-x-150-px.png&#8220; overflow-x=&#8220;hidden&#8220; overflow-y=&#8220;hidden&#8220; custom_padding=&#8220;||0px||false|false&#8220; background_last_edited=&#8220;off|tablet&#8220; background_color_gradient_direction_tablet=&#8220;180deg&#8220; locked=&#8220;off&#8220; global_colors_info=&#8220;{}&#8220;][et_pb_row make_equal=&#8220;on&#8220; custom_padding_last_edited=&#8220;on|tablet&#8220; _builder_version=&#8220;4.27.4&#8243; custom_margin=&#8220;-25px|auto||auto||&#8220; custom_padding=&#8220;||0px|||&#8220; custom_padding_tablet=&#8220;||30px||false|false&#8220; custom_padding_phone=&#8220;&#8220; global_colors_info=&#8220;{}&#8220;][et_pb_column type=&#8220;4_4&#8243; _builder_version=&#8220;4.16&#8243; global_colors_info=&#8220;{}&#8220;][et_pb_toggle title=&#8220;in den Medien &#8211; zum Nachlesen&#8220; _builder_version=&#8220;4.27.4&#8243; _module_preset=&#8220;default&#8220; global_colors_info=&#8220;{}&#8220;]<\/p>\n<p><a href=\"https:\/\/stukk.at\/wp-content\/uploads\/2024\/12\/TBJ_3_24_Berufsschule_Wals.pdf\">Artikel aus dem Trockenbau Journal 3\/2024\u00a0<\/a><\/p>\n<p>[\/et_pb_toggle][et_pb_toggle title=&#8220;in den Medien &#8211; zum Nachlesen&#8220; _builder_version=&#8220;4.27.4&#8243; _module_preset=&#8220;default&#8220; global_colors_info=&#8220;{}&#8220;]<\/p>\n<p><a href=\"https:\/\/stukk.at\/wp-content\/uploads\/2024\/12\/Bildschirmfoto-2024-12-28-um-16.18.04.png\">Kundenjournal der Firma Knauf &#8222;Leicht&#8220;<\/a><\/p>\n<p>[\/et_pb_toggle][\/et_pb_column][\/et_pb_row][et_pb_row column_structure=&#8220;1_3,1_3,1_3&#8243; custom_padding_last_edited=&#8220;on|phone&#8220; _builder_version=&#8220;4.27.4&#8243; background_color=&#8220;#ffd000&#8243; z_index=&#8220;10&#8243; custom_margin=&#8220;60px||||false|false&#8220; custom_margin_tablet=&#8220;-255px||||false|false&#8220; custom_margin_last_edited=&#8220;off|desktop&#8220; custom_padding=&#8220;60px|20px|60px|20px|true|true&#8220; custom_padding_tablet=&#8220;|20px||20px|true|false&#8220; custom_padding_phone=&#8220;&#8220; locked=&#8220;off&#8220; global_colors_info=&#8220;{}&#8220;][et_pb_column type=&#8220;1_3&#8243; _builder_version=&#8220;4.16&#8243; global_colors_info=&#8220;{}&#8220;][et_pb_number_counter title=&#8220;Jahre Erfahrung&#8220; number=&#8220;25&#8243; percent_sign=&#8220;off&#8220; _builder_version=&#8220;4.27.4&#8243; title_font=&#8220;Kanit|500|||||||&#8220; title_text_color=&#8220;#000000&#8243; title_font_size=&#8220;22px&#8220; title_line_height=&#8220;1.5em&#8220; number_font=&#8220;Kanit|700|||||||&#8220; number_text_color=&#8220;#000000&#8243; number_line_height=&#8220;82px&#8220; title_font_size_tablet=&#8220;20px&#8220; title_font_size_phone=&#8220;18px&#8220; title_font_size_last_edited=&#8220;on|phone&#8220; number_font_size_tablet=&#8220;60px&#8220; number_font_size_phone=&#8220;48px&#8220; number_font_size_last_edited=&#8220;on|phone&#8220; global_colors_info=&#8220;{}&#8220;][\/et_pb_number_counter][\/et_pb_column][et_pb_column type=&#8220;1_3&#8243; _builder_version=&#8220;4.16&#8243; global_colors_info=&#8220;{}&#8220;][et_pb_number_counter title=&#8220;zufriedene Kund:innen&#8220; number=&#8220;152&#8243; percent_sign=&#8220;off&#8220; _builder_version=&#8220;4.27.4&#8243; title_font=&#8220;Kanit|500|||||||&#8220; title_text_color=&#8220;#000000&#8243; title_font_size=&#8220;22px&#8220; title_line_height=&#8220;1.5em&#8220; number_font=&#8220;Kanit|700|||||||&#8220; number_text_color=&#8220;#000000&#8243; number_line_height=&#8220;82px&#8220; title_font_size_tablet=&#8220;20px&#8220; title_font_size_phone=&#8220;18px&#8220; title_font_size_last_edited=&#8220;on|phone&#8220; number_font_size_tablet=&#8220;60px&#8220; number_font_size_phone=&#8220;48px&#8220; number_font_size_last_edited=&#8220;on|phone&#8220; locked=&#8220;off&#8220; global_colors_info=&#8220;{}&#8220;][\/et_pb_number_counter][\/et_pb_column][et_pb_column type=&#8220;1_3&#8243; _builder_version=&#8220;4.16&#8243; global_colors_info=&#8220;{}&#8220;][et_pb_number_counter title=&#8220;Gwerke unter einem Dach&#8220; number=&#8220;3&#8243; percent_sign=&#8220;off&#8220; _builder_version=&#8220;4.27.4&#8243; title_font=&#8220;Kanit|500|||||||&#8220; title_text_color=&#8220;#000000&#8243; title_font_size=&#8220;22px&#8220; title_line_height=&#8220;1.5em&#8220; number_font=&#8220;Kanit|700|||||||&#8220; number_text_color=&#8220;#000000&#8243; number_line_height=&#8220;82px&#8220; title_font_size_tablet=&#8220;20px&#8220; title_font_size_phone=&#8220;18px&#8220; title_font_size_last_edited=&#8220;on|phone&#8220; number_font_size_tablet=&#8220;60px&#8220; number_font_size_phone=&#8220;48px&#8220; number_font_size_last_edited=&#8220;on|phone&#8220; locked=&#8220;off&#8220; global_colors_info=&#8220;{}&#8220;][\/et_pb_number_counter][\/et_pb_column][\/et_pb_row][et_pb_row _builder_version=&#8220;4.27.4&#8243; _module_preset=&#8220;default&#8220; global_colors_info=&#8220;{}&#8220;][et_pb_column type=&#8220;4_4&#8243; _builder_version=&#8220;4.27.4&#8243; _module_preset=&#8220;default&#8220; global_colors_info=&#8220;{}&#8220;][et_pb_icon font_icon=&#8220;&#x37;||divi||400&#8243; _builder_version=&#8220;4.27.4&#8243; _module_preset=&#8220;default&#8220; global_colors_info=&#8220;{}&#8220;][\/et_pb_icon][\/et_pb_column][\/et_pb_row][\/et_pb_section][et_pb_section fb_built=&#8220;1&#8243; specialty=&#8220;on&#8220; padding_top_1=&#8220;0px&#8220; padding_top_2=&#8220;8%&#8220; padding_top_bottom_link_1=&#8220;false&#8220; padding_top_bottom_link_2=&#8220;false&#8220; padding_left_right_link_1=&#8220;false&#8220; padding_left_right_link_2=&#8220;false&#8220; admin_label=&#8220;Footer&#8220; _builder_version=&#8220;4.16&#8243; background_color=&#8220;#000000&#8243; background_enable_image=&#8220;off&#8220; custom_padding=&#8220;0px|||||&#8220; locked=&#8220;off&#8220; global_colors_info=&#8220;{}&#8220;][et_pb_column type=&#8220;1_2&#8243; _builder_version=&#8220;4.16&#8243; custom_padding=&#8220;|||&#8220; global_colors_info=&#8220;{}&#8220; custom_padding__hover=&#8220;|||&#8220;][et_pb_image src=&#8220;https:\/\/stukk.at\/wp-content\/uploads\/2024\/12\/3-2.png&#8220; title_text=&#8220;3&#8243; _builder_version=&#8220;4.27.4&#8243; custom_margin=&#8220;|||-10vw|false|false&#8220; custom_margin_tablet=&#8220;0px||||false|false&#8220; custom_margin_last_edited=&#8220;off|desktop&#8220; global_colors_info=&#8220;{}&#8220;][\/et_pb_image][\/et_pb_column][et_pb_column type=&#8220;1_2&#8243; specialty_columns=&#8220;2&#8243; _builder_version=&#8220;4.16&#8243; custom_padding=&#8220;|||&#8220; global_colors_info=&#8220;{}&#8220; custom_padding__hover=&#8220;|||&#8220;][et_pb_row_inner _builder_version=&#8220;4.16&#8243; custom_margin=&#8220;||||false|false&#8220; global_colors_info=&#8220;{}&#8220;][et_pb_column_inner saved_specialty_column_type=&#8220;1_2&#8243; _builder_version=&#8220;4.16&#8243; global_colors_info=&#8220;{}&#8220;][et_pb_text _builder_version=&#8220;4.16&#8243; header_2_font=&#8220;Kanit|700|||||||&#8220; header_2_font_size=&#8220;48px&#8220; header_2_line_height=&#8220;1.3em&#8220; background_layout=&#8220;dark&#8220; header_2_font_size_tablet=&#8220;36px&#8220; header_2_font_size_phone=&#8220;24px&#8220; header_2_font_size_last_edited=&#8220;on|phone&#8220; locked=&#8220;off&#8220; global_colors_info=&#8220;{}&#8220;]<\/p>\n<h2>Kontakt<\/h2>\n<p>[\/et_pb_text][\/et_pb_column_inner][\/et_pb_row_inner][et_pb_row_inner column_structure=&#8220;1_2,1_2&#8243; _builder_version=&#8220;4.16&#8243; global_colors_info=&#8220;{}&#8220;][et_pb_column_inner type=&#8220;1_2&#8243; saved_specialty_column_type=&#8220;1_2&#8243; _builder_version=&#8220;4.16&#8243; global_colors_info=&#8220;{}&#8220;][et_pb_blurb title=&#8220;Telefon&#8220; use_icon=&#8220;on&#8220; font_icon=&#8220;&#xe090;||divi||400&#8243; icon_color=&#8220;#ffd000&#8243; icon_placement=&#8220;left&#8220; image_icon_width=&#8220;24px&#8220; content_tablet=&#8220;<\/p>\n<p>+43 664 542 92 84<\/p>\n<p>&#8220; content_phone=&#8220;<\/p>\n<p><strong>+43 664 542 92 84<\/strong><\/p>\n<p>&#8220; content_last_edited=&#8220;on|desktop&#8220; _builder_version=&#8220;4.27.4&#8243; header_font=&#8220;Kanit|700|||||||&#8220; header_font_size=&#8220;20px&#8220; header_line_height=&#8220;1.3em&#8220; body_line_height=&#8220;1.8em&#8220; background_layout=&#8220;dark&#8220; animation=&#8220;off&#8220; header_font_size_tablet=&#8220;18px&#8220; header_font_size_phone=&#8220;&#8220; header_font_size_last_edited=&#8220;on|tablet&#8220; icon_font_size=&#8220;24px&#8220; global_colors_info=&#8220;{}&#8220; theme_builder_area=&#8220;post_content&#8220;]<\/p>\n<p>+43 664 542 92 84<\/p>\n<p>[\/et_pb_blurb][et_pb_blurb title=&#8220;E-Mail&#8220; use_icon=&#8220;on&#8220; font_icon=&#8220;&#xe076;||divi||400&#8243; icon_color=&#8220;#ffd000&#8243; icon_placement=&#8220;left&#8220; image_icon_width=&#8220;24px&#8220; _builder_version=&#8220;4.16&#8243; header_font=&#8220;Kanit|700|||||||&#8220; header_font_size=&#8220;20px&#8220; header_line_height=&#8220;1.3em&#8220; body_line_height=&#8220;1.8em&#8220; body_link_text_color=&#8220;#ffffff&#8220; background_layout=&#8220;dark&#8220; animation=&#8220;off&#8220; header_font_size_tablet=&#8220;18px&#8220; header_font_size_phone=&#8220;&#8220; header_font_size_last_edited=&#8220;on|tablet&#8220; icon_font_size=&#8220;24px&#8220; locked=&#8220;off&#8220; global_colors_info=&#8220;{}&#8220;]<\/p>\n<p><a href=\"#\">office@stukk.at<\/a><\/p>\n<p>[\/et_pb_blurb][\/et_pb_column_inner][et_pb_column_inner type=&#8220;1_2&#8243; saved_specialty_column_type=&#8220;1_2&#8243; _builder_version=&#8220;4.16&#8243; global_colors_info=&#8220;{}&#8220;][et_pb_blurb title=&#8220;Adresse&#8220; use_icon=&#8220;on&#8220; font_icon=&#8220;&#xe081;||divi||400&#8243; icon_color=&#8220;#ffd000&#8243; icon_placement=&#8220;left&#8220; image_icon_width=&#8220;24px&#8220; _builder_version=&#8220;4.16&#8243; header_font=&#8220;Kanit|700|||||||&#8220; header_font_size=&#8220;20px&#8220; header_line_height=&#8220;1.3em&#8220; body_line_height=&#8220;1.8em&#8220; background_layout=&#8220;dark&#8220; animation=&#8220;off&#8220; header_font_size_tablet=&#8220;18px&#8220; header_font_size_phone=&#8220;&#8220; header_font_size_last_edited=&#8220;on|tablet&#8220; icon_font_size=&#8220;24px&#8220; locked=&#8220;off&#8220; global_colors_info=&#8220;{}&#8220;]<\/p>\n<p>Ritterweg 198<br \/>5084 Gro\u00dfgmain<\/p>\n<p>[\/et_pb_blurb][\/et_pb_column_inner][\/et_pb_row_inner][\/et_pb_column][\/et_pb_section]<\/p>\n","protected":false},"excerpt":{"rendered":"<p>MSt Ulrich Konrad Stuckateur und TrockenausbauerFachlehrer der LBS Wals undallgemein beeideter und gerichtlich zertifizierter Sachverst\u00e4ndiger Geboren 1976 in Salzburg | Abschluss Lehre als Stuckateur und Trockenausbauer 1997 Durch meine vielschichtige Arbeit konnte ich seither enorm viel Wissen und Erfahrung sammeln. 1999 Unternehmerpr\u00fcfung | 2003 folgte die Meisterpr\u00fcfung |2014 Berufsreifepr\u00fcfung | Bachelor of Education 2017 Zusatzausbildungen [&hellip;]<\/p>\n","protected":false},"author":1,"featured_media":0,"parent":0,"menu_order":0,"comment_status":"closed","ping_status":"closed","template":"","meta":{"_et_pb_use_builder":"on","_et_pb_old_content":"","_et_gb_content_width":"","footnotes":""},"class_list":["post-100","page","type-page","status-publish","hentry"],"_links":{"self":[{"href":"https:\/\/stukk.at\/index.php\/wp-json\/wp\/v2\/pages\/100","targetHints":{"allow":["GET"]}}],"collection":[{"href":"https:\/\/stukk.at\/index.php\/wp-json\/wp\/v2\/pages"}],"about":[{"href":"https:\/\/stukk.at\/index.php\/wp-json\/wp\/v2\/types\/page"}],"author":[{"embeddable":true,"href":"https:\/\/stukk.at\/index.php\/wp-json\/wp\/v2\/users\/1"}],"replies":[{"embeddable":true,"href":"https:\/\/stukk.at\/index.php\/wp-json\/wp\/v2\/comments?post=100"}],"version-history":[{"count":26,"href":"https:\/\/stukk.at\/index.php\/wp-json\/wp\/v2\/pages\/100\/revisions"}],"predecessor-version":[{"id":461,"href":"https:\/\/stukk.at\/index.php\/wp-json\/wp\/v2\/pages\/100\/revisions\/461"}],"wp:attachment":[{"href":"https:\/\/stukk.at\/index.php\/wp-json\/wp\/v2\/media?parent=100"}],"curies":[{"name":"wp","href":"https:\/\/api.w.org\/{rel}","templated":true}]}}